{"id":2,"date":"2022-10-07T15:41:29","date_gmt":"2022-10-07T15:41:29","guid":{"rendered":"http:\/\/localhost:8000\/?page_id=2"},"modified":"2026-02-03T19:08:27","modified_gmt":"2026-02-03T19:08:27","slug":"sample-page","status":"publish","type":"page","link":"https:\/\/fotobudimir.com\/","title":{"rendered":""},"content":{"rendered":"\n<h1 class=\"wp-block-heading has-text-align-center\">Paket ponude snimanje i fotografisanje Ni\u0161 i okolina do 80 km<\/h1>\n\n\n\n<p><\/p>\n\n\n\n<div class=\"wp-block-columns alignwide is-layout-flex wp-container-core-columns-is-layout-9d6595d7 wp-block-columns-is-layout-flex\">\n<div class=\"wp-block-column has-text-color has-background has-link-color wp-elements-3d2c2a625714de82948231b350c5137e is-layout-flow wp-block-column-is-layout-flow\" style=\"color:#000000;background-color:#c0ebf1;padding-top:2em;padding-right:2em;padding-bottom:2em;padding-left:2em\">\n<h2 class=\"wp-block-heading\" id=\"patron\" style=\"font-size:40px\">Paket ro\u0111endan<\/h2>\n\n\n\n<p class=\"has-normal-font-size\">18 ili 1 ro\u0111endan<\/p>\n\n\n\n<p class=\"has-normal-font-size\">Fotograf+Snimatelj<\/p>\n\n\n\n<hr class=\"wp-block-separator has-text-color has-eighty-black-color has-alpha-channel-opacity has-eighty-black-background-color has-background is-style-wide\"\/>\n\n\n\n<p class=\"has-normal-font-size\">Fotografisanje i snimanje Jedan fotograf + jedan snimatelj Prodaja slika: 50 din ukucani (nakon veselja Vi birate fotografije koje zelite da Vam se rade) 200din kumovi 300 din ostali gosti Ukljuceno u cenu: Snimanje veselja u restoranu i snimanje obicaja pre restorana. Izrada snimka od oko 2 h full HD (zavisi od desavanja u restoranu)<\/p>\n\n\n\n<p class=\"has-normal-font-size\">*Nakon veselja dobijete na poklon USB sa kompletnim materijalom u kutijici.<\/p>\n\n\n\n<p class=\"has-normal-font-size\">*Online galerija sa fotografijala u full rezoluciji za odabir i preuzimanje fotografija aktivna 30 dana<\/p>\n\n\n\n<p class=\"has-normal-font-size\">Dodatne opcije: Dron na dan veselja &#8211; 100 eur<\/p>\n\n\n\n<p class=\"has-normal-font-size\">Dodatni fotograf -100 eur Dodatna kamera &#8211; 250 eur Foto book 16 stranice 30X22 cm tvrdi povez u drvenoj kutiji 160 eur<\/p>\n\n\n\n<p class=\"has-normal-font-size\">Dodatni usb sa kompletnim materijalom 30 eur<\/p>\n\n\n\n<div class=\"wp-block-buttons alignfull is-horizontal is-content-justification-center is-layout-flex wp-container-core-buttons-is-layout-499968f5 wp-block-buttons-is-layout-flex\">\n<div class=\"wp-block-button\"><a class=\"wp-block-button__link wp-element-button\">Cena<\/a><\/div>\n\n\n\n<div class=\"wp-block-button\"><a class=\"wp-block-button__link wp-element-button\">na upit<\/a><\/div>\n<\/div>\n<\/div>\n\n\n\n<div class=\"wp-block-column has-text-color has-background has-link-color wp-elements-1e176e3eab011e020043b4e8eebcd010 is-layout-flow wp-block-column-is-layout-flow\" style=\"color:#000000;background-color:#c0ebf1;padding-top:2em;padding-right:2em;padding-bottom:2em;padding-left:2em\">\n<h2 class=\"wp-block-heading\" id=\"patron\" style=\"font-size:40px\"><strong>Basic<\/strong><\/h2>\n\n\n\n<p class=\"has-normal-font-size\">Svadbeno Veselje<\/p>\n\n\n\n<p class=\"has-normal-font-size\">Fotograf+Snimatelj<\/p>\n\n\n\n<hr class=\"wp-block-separator has-text-color has-eighty-black-color has-alpha-channel-opacity has-eighty-black-background-color has-background is-style-wide\"\/>\n\n\n\n<p class=\"has-normal-font-size\">Fotografisanje i snimanje Jedan fotograf + jedan snimatelj Prodaja slika: 50 din ukucani (nakon veselja Vi birate fotografije koje zelite da Vam se rade) 200 din kumovi 300 din ostali gosti Ukljuceno u cenu: Snimanje veselja u restoranu i snimanje obicajaja pre restorana. Izrada snimka od oko 3 h full HD (zavisi od desavanja u restoranu) Izrada mladenackog spota &#8220;Love story&#8221; Foto sesija tog dana pre veselja(snimanje i slikanje) Dron na sesiji (kadrovi za spot iskljucivo na lokaciji van grada)<\/p>\n\n\n\n<p class=\"has-normal-font-size\">*Nakon veselja dobijete na poklon USB sa kompletnim materijalom u kutijici.<\/p>\n\n\n\n<p class=\"has-normal-font-size\">*Online galerija sa fotografijala u full rezoluciji za odabir i preuzimanje fotografija aktivna 30 dana<\/p>\n\n\n\n<p class=\"has-normal-font-size\">Dodatne opcije: Dron na dan veselja &#8211; 100 eur<\/p>\n\n\n\n<p class=\"has-normal-font-size\">Dodatni fotograf -100 eur Dodatna kamera &#8211; 250 eur Foto book 16 stranice 30X22 cm tvrdi povez u drvenoj kutiji 160 eur<\/p>\n\n\n\n<p class=\"has-normal-font-size\">Dodatni usb sa kompletnim materijalom 30 eur<\/p>\n\n\n\n<div class=\"wp-block-buttons alignfull is-horizontal is-content-justification-center is-layout-flex wp-container-core-buttons-is-layout-499968f5 wp-block-buttons-is-layout-flex\">\n<div class=\"wp-block-button\"><a class=\"wp-block-button__link wp-element-button\">Cena<\/a><\/div>\n\n\n\n<div class=\"wp-block-button\"><a class=\"wp-block-button__link wp-element-button\">na upit<\/a><\/div>\n<\/div>\n<\/div>\n\n\n\n<div class=\"wp-block-column has-text-color has-background has-link-color wp-elements-6a83c40e3141e528011b344e79aa6368 is-layout-flow wp-block-column-is-layout-flow\" style=\"color:#000000;background-color:#c0ebf1;padding-top:2em;padding-right:2em;padding-bottom:2em;padding-left:2em\">\n<h2 class=\"wp-block-heading\" id=\"patron\" style=\"font-size:40px\">Standard<\/h2>\n\n\n\n<p class=\"has-normal-font-size\" id=\"block-8d8e5ba0-1286-44cc-a1b2-23091311c986\">Svadbeno Veselje<\/p>\n\n\n\n<p class=\"has-normal-font-size\" id=\"block-fc68a25a-268e-4f20-80f6-563c3205bb75\">Dva Fotografa+Snimatelj<\/p>\n\n\n\n<hr class=\"wp-block-separator has-text-color has-eighty-black-color has-alpha-channel-opacity has-eighty-black-background-color has-background is-style-wide\"\/>\n\n\n\n<p class=\"has-normal-font-size\">Fotografisanje i snimanje dva fotografa + jedan snimatelj Prodaja slika: 50 din ukucani (nakon veselja Vi birate fotografije koje zelite da Vam se rade) 200 din kumovi 300din ostali gosti Ukljuceno u cenu: Snimanje veselja u restoranu i snimanje obicajaja pre restorana. Izrada snimka od oko 3 h full HD (zavisi od desavanja u restoranu) Izrada mladenackog spota &#8220;Love story&#8221;<\/p>\n\n\n\n<p class=\"has-normal-font-size\">*Foto sesija par dana pre veselja ili dan posle (snimanje i slikanje) Dron na sesiji (kadrovi za spot iskljucivo na lokaciji van grada) <\/p>\n\n\n\n<p class=\"has-normal-font-size\">*Nakon veselja dobijete na poklon USB sa kompletnim materijalom u kutijici.<\/p>\n\n\n\n<p class=\"has-normal-font-size\">*Online galerija sa fotografijala u full rezoluciji za odabir i preuzimanje fotografija aktivna 30 dana<\/p>\n\n\n\n<p class=\"has-normal-font-size\">Dodatne opcije: Dron na dan veselja &#8211; 100 eur<\/p>\n\n\n\n<p class=\"has-normal-font-size\">Dodatni fotograf -100 eur Dodatna kamera &#8211; 250 eur Foto book 16 stranice 30X22 cm tvrdi povez u drvenoj kutiji 160 eur<\/p>\n\n\n\n<p class=\"has-normal-font-size\">Dodatni usb sa kompletnim materijalom 30 eur<\/p>\n\n\n\n<div class=\"wp-block-buttons alignfull is-horizontal is-content-justification-center is-layout-flex wp-container-core-buttons-is-layout-499968f5 wp-block-buttons-is-layout-flex\">\n<div class=\"wp-block-button\"><a class=\"wp-block-button__link wp-element-button\">cena<\/a><\/div>\n\n\n\n<div class=\"wp-block-button\"><a class=\"wp-block-button__link wp-element-button\">na upit<\/a><\/div>\n<\/div>\n<\/div>\n\n\n\n<div class=\"wp-block-column has-text-color has-background has-link-color wp-elements-4196223e9848153eedfa942c9d72a6ff is-layout-flow wp-block-column-is-layout-flow\" style=\"color:#000000;background-color:#c0ebf1;padding-top:2em;padding-right:2em;padding-bottom:2em;padding-left:2em\">\n<h2 class=\"wp-block-heading\" id=\"patron\" style=\"font-size:40px\"><strong>Premium<\/strong><\/h2>\n\n\n\n<p class=\"has-normal-font-size\" id=\"block-8d8e5ba0-1286-44cc-a1b2-23091311c986\">Svadbeno Veselje<\/p>\n\n\n\n<p class=\"has-normal-font-size\" id=\"block-fc68a25a-268e-4f20-80f6-563c3205bb75\">Dva Fotografa+Snimatelj<\/p>\n\n\n\n<hr class=\"wp-block-separator has-text-color has-eighty-black-color has-alpha-channel-opacity has-eighty-black-background-color has-background is-style-wide\"\/>\n\n\n\n<p class=\"has-normal-font-size\">Fotografisanje i snimanje Dva fotografa + jedan snimatelj . . Dodatni fotograf je usresredjen samo na mladence i desavanje oko njih. Prodaja slika: 50 din ukucani (nakon veselja Vi birate fotografije koje zelite da Vam se rade) 200 din kumovi 300 din ostali gosti Ukljuceno u cenu: Snimanje veselja u restoranu i snimanje obicajaja pre restorana. Izrada snimka od oko 3 h full HD (zavisi od desavanja u restoranu) Izrada mladenackog spota &#8220;Love story&#8221;<\/p>\n\n\n\n<p class=\"has-normal-font-size\">*Foto sesija par dana pre veselja ili dan posle (snimanje i slikanje) Dron na sesiji (kadrovi za spot iskljucivo na lokaciji van grada) <\/p>\n\n\n\n<p class=\"has-normal-font-size\">*Online galerija sa fotografijala u full rezoluciji za odabir i preuzimanje fotografija, aktivna 90 dana<\/p>\n\n\n\n<p class=\"has-normal-font-size\">*Foto book 16 stranice 30X22 cm tvrdi povez u drvenoj kutiji<\/p>\n\n\n\n<p class=\"has-normal-font-size\">Dodatne opcije: Dron na dan veselja &#8211; 100eur<\/p>\n\n\n\n<p class=\"has-normal-font-size\">Dodatni fotograf -100 eur Dodatna kamera &#8211; 250 eur Foto book 24 stranice 30X22 cm tvrdi povez u drvenoj kutiji 160 eur<\/p>\n\n\n\n<p class=\"has-normal-font-size\">Dodatni usb sa kompletnim materijalom 30 eur<\/p>\n\n\n\n<div class=\"wp-block-buttons alignfull is-horizontal is-content-justification-center is-layout-flex wp-container-core-buttons-is-layout-499968f5 wp-block-buttons-is-layout-flex\">\n<div class=\"wp-block-button\"><a class=\"wp-block-button__link wp-element-button\">cena<\/a><\/div>\n\n\n\n<div class=\"wp-block-button\"><a class=\"wp-block-button__link wp-element-button\">na upit<\/a><\/div>\n<\/div>\n<\/div>\n<\/div>\n\n\n\n<div class=\"wp-block-columns alignwide is-layout-flex wp-container-core-columns-is-layout-9d6595d7 wp-block-columns-is-layout-flex\"><\/div>\n\n\n<p>\n\n\n<\/p>\n<p>\n\n\n<\/p>","protected":false},"excerpt":{"rendered":"<p>Paket ponude snimanje i fotografisanje Ni\u0161 i okolina do 80 km Paket ro\u0111endan 18 ili 1 ro\u0111endan Fotograf+Snimatelj Fotografisanje i snimanje Jedan fotograf + jedan snimatelj Prodaja slika: 50 din<\/p>\n<p class=\"more-link\"><a href=\"https:\/\/fotobudimir.com\/\" class=\"readmore\">Continue reading&#8230;<span class=\"screen-reader-text\"><\/span><\/a><\/p>\n","protected":false},"author":1,"featured_media":0,"parent":5856,"menu_order":0,"comment_status":"closed","ping_status":"open","template":"templates\/no-sidebar.php","meta":{"_monsterinsights_skip_tracking":false,"_monsterinsights_sitenote_active":false,"_monsterinsights_sitenote_note":"","_monsterinsights_sitenote_category":0,"footnotes":""},"class_list":["post-2","page","type-page","status-publish","hentry"],"aioseo_notices":[],"yoast_head":"<!-- This site is optimized with the Yoast SEO plugin v22.7 - https:\/\/yoast.com\/wordpress\/plugins\/seo\/ -->\n<title>- Foto Video Budimir<\/title>\n<meta name=\"robots\" content=\"index, follow, max-snippet:-1, max-image-preview:large, max-video-preview:-1\" \/>\n<link rel=\"canonical\" href=\"https:\/\/fotobudimir.com\/\" \/>\n<meta property=\"og:locale\" content=\"en_US\" \/>\n<meta property=\"og:type\" content=\"article\" \/>\n<meta property=\"og:title\" content=\"- Foto Video Budimir\" \/>\n<meta property=\"og:description\" content=\"Paket ponude snimanje i fotografisanje Ni\u0161 i okolina do 80 km Paket ro\u0111endan 18 ili 1 ro\u0111endan Fotograf+Snimatelj Fotografisanje i snimanje Jedan fotograf + jedan snimatelj Prodaja slika: 50 dinContinue reading...\" \/>\n<meta property=\"og:url\" content=\"https:\/\/fotobudimir.com\/\" \/>\n<meta property=\"og:site_name\" content=\"Foto Video Budimir\" \/>\n<meta property=\"article:publisher\" content=\"https:\/\/www.facebook.com\/DreamImagesNis\/\" \/>\n<meta property=\"article:modified_time\" content=\"2026-02-03T19:08:27+00:00\" \/>\n<meta name=\"twitter:card\" content=\"summary_large_image\" \/>\n<meta name=\"twitter:label1\" content=\"Est. reading time\" \/>\n\t<meta name=\"twitter:data1\" content=\"3 minutes\" \/>\n<script type=\"application\/ld+json\" class=\"yoast-schema-graph\">{\"@context\":\"https:\/\/schema.org\",\"@graph\":[{\"@type\":\"WebPage\",\"@id\":\"https:\/\/fotobudimir.com\/\",\"url\":\"https:\/\/fotobudimir.com\/\",\"name\":\"- Foto Video Budimir\",\"isPartOf\":{\"@id\":\"https:\/\/fotobudimir.com\/#website\"},\"datePublished\":\"2022-10-07T15:41:29+00:00\",\"dateModified\":\"2026-02-03T19:08:27+00:00\",\"breadcrumb\":{\"@id\":\"https:\/\/fotobudimir.com\/#breadcrumb\"},\"inLanguage\":\"en-US\",\"potentialAction\":[{\"@type\":\"ReadAction\",\"target\":[\"https:\/\/fotobudimir.com\/\"]}]},{\"@type\":\"BreadcrumbList\",\"@id\":\"https:\/\/fotobudimir.com\/#breadcrumb\",\"itemListElement\":[{\"@type\":\"ListItem\",\"position\":1,\"name\":\"Home\",\"item\":\"https:\/\/fotobudimir.com\/\"},{\"@type\":\"ListItem\",\"position\":2,\"name\":\"Kontakt\",\"item\":\"https:\/\/fotobudimir.com\/?page_id=5856\"}]},{\"@type\":\"WebSite\",\"@id\":\"https:\/\/fotobudimir.com\/#website\",\"url\":\"https:\/\/fotobudimir.com\/\",\"name\":\"Foto Video Budimir\",\"description\":\"Fotograf Ni\u0161, Leskovac, Prokuplje, Beograd, Videographer\",\"publisher\":{\"@id\":\"https:\/\/fotobudimir.com\/#organization\"},\"alternateName\":\"event, portret i stock Fotograf i Videografer\",\"potentialAction\":[{\"@type\":\"SearchAction\",\"target\":{\"@type\":\"EntryPoint\",\"urlTemplate\":\"https:\/\/fotobudimir.com\/?s={search_term_string}\"},\"query-input\":\"required name=search_term_string\"}],\"inLanguage\":\"en-US\"},{\"@type\":\"Organization\",\"@id\":\"https:\/\/fotobudimir.com\/#organization\",\"name\":\"Foto Video Budimir\",\"alternateName\":\"Fotograf Ni\u0161, Leskovac, Prokuplje, Beograd, Videographer\",\"url\":\"https:\/\/fotobudimir.com\/\",\"logo\":{\"@type\":\"ImageObject\",\"inLanguage\":\"en-US\",\"@id\":\"https:\/\/fotobudimir.com\/#\/schema\/logo\/image\/\",\"url\":\"https:\/\/fotobudimir.com\/wp-content\/uploads\/2022\/10\/logo-1.png\",\"contentUrl\":\"https:\/\/fotobudimir.com\/wp-content\/uploads\/2022\/10\/logo-1.png\",\"width\":68,\"height\":60,\"caption\":\"Foto Video Budimir\"},\"image\":{\"@id\":\"https:\/\/fotobudimir.com\/#\/schema\/logo\/image\/\"},\"sameAs\":[\"https:\/\/www.facebook.com\/DreamImagesNis\/\",\"https:\/\/www.instagram.com\/fotobudimir\"]}]}<\/script>\n<!-- \/ Yoast SEO plugin. -->","yoast_head_json":{"title":"- Foto Video Budimir","robots":{"index":"index","follow":"follow","max-snippet":"max-snippet:-1","max-image-preview":"max-image-preview:large","max-video-preview":"max-video-preview:-1"},"canonical":"https:\/\/fotobudimir.com\/","og_locale":"en_US","og_type":"article","og_title":"- Foto Video Budimir","og_description":"Paket ponude snimanje i fotografisanje Ni\u0161 i okolina do 80 km Paket ro\u0111endan 18 ili 1 ro\u0111endan Fotograf+Snimatelj Fotografisanje i snimanje Jedan fotograf + jedan snimatelj Prodaja slika: 50 dinContinue reading...","og_url":"https:\/\/fotobudimir.com\/","og_site_name":"Foto Video Budimir","article_publisher":"https:\/\/www.facebook.com\/DreamImagesNis\/","article_modified_time":"2026-02-03T19:08:27+00:00","twitter_card":"summary_large_image","twitter_misc":{"Est. reading time":"3 minutes"},"schema":{"@context":"https:\/\/schema.org","@graph":[{"@type":"WebPage","@id":"https:\/\/fotobudimir.com\/","url":"https:\/\/fotobudimir.com\/","name":"- Foto Video Budimir","isPartOf":{"@id":"https:\/\/fotobudimir.com\/#website"},"datePublished":"2022-10-07T15:41:29+00:00","dateModified":"2026-02-03T19:08:27+00:00","breadcrumb":{"@id":"https:\/\/fotobudimir.com\/#breadcrumb"},"inLanguage":"en-US","potentialAction":[{"@type":"ReadAction","target":["https:\/\/fotobudimir.com\/"]}]},{"@type":"BreadcrumbList","@id":"https:\/\/fotobudimir.com\/#breadcrumb","itemListElement":[{"@type":"ListItem","position":1,"name":"Home","item":"https:\/\/fotobudimir.com\/"},{"@type":"ListItem","position":2,"name":"Kontakt","item":"https:\/\/fotobudimir.com\/?page_id=5856"}]},{"@type":"WebSite","@id":"https:\/\/fotobudimir.com\/#website","url":"https:\/\/fotobudimir.com\/","name":"Foto Video Budimir","description":"Fotograf Ni\u0161, Leskovac, Prokuplje, Beograd, Videographer","publisher":{"@id":"https:\/\/fotobudimir.com\/#organization"},"alternateName":"event, portret i stock Fotograf i Videografer","potentialAction":[{"@type":"SearchAction","target":{"@type":"EntryPoint","urlTemplate":"https:\/\/fotobudimir.com\/?s={search_term_string}"},"query-input":"required name=search_term_string"}],"inLanguage":"en-US"},{"@type":"Organization","@id":"https:\/\/fotobudimir.com\/#organization","name":"Foto Video Budimir","alternateName":"Fotograf Ni\u0161, Leskovac, Prokuplje, Beograd, Videographer","url":"https:\/\/fotobudimir.com\/","logo":{"@type":"ImageObject","inLanguage":"en-US","@id":"https:\/\/fotobudimir.com\/#\/schema\/logo\/image\/","url":"https:\/\/fotobudimir.com\/wp-content\/uploads\/2022\/10\/logo-1.png","contentUrl":"https:\/\/fotobudimir.com\/wp-content\/uploads\/2022\/10\/logo-1.png","width":68,"height":60,"caption":"Foto Video Budimir"},"image":{"@id":"https:\/\/fotobudimir.com\/#\/schema\/logo\/image\/"},"sameAs":["https:\/\/www.facebook.com\/DreamImagesNis\/","https:\/\/www.instagram.com\/fotobudimir"]}]}},"_links":{"self":[{"href":"https:\/\/fotobudimir.com\/index.php?rest_route=\/wp\/v2\/pages\/2","targetHints":{"allow":["GET"]}}],"collection":[{"href":"https:\/\/fotobudimir.com\/index.php?rest_route=\/wp\/v2\/pages"}],"about":[{"href":"https:\/\/fotobudimir.com\/index.php?rest_route=\/wp\/v2\/types\/page"}],"author":[{"embeddable":true,"href":"https:\/\/fotobudimir.com\/index.php?rest_route=\/wp\/v2\/users\/1"}],"replies":[{"embeddable":true,"href":"https:\/\/fotobudimir.com\/index.php?rest_route=%2Fwp%2Fv2%2Fcomments&post=2"}],"version-history":[{"count":24,"href":"https:\/\/fotobudimir.com\/index.php?rest_route=\/wp\/v2\/pages\/2\/revisions"}],"predecessor-version":[{"id":5982,"href":"https:\/\/fotobudimir.com\/index.php?rest_route=\/wp\/v2\/pages\/2\/revisions\/5982"}],"up":[{"embeddable":true,"href":"https:\/\/fotobudimir.com\/index.php?rest_route=\/wp\/v2\/pages\/5856"}],"wp:attachment":[{"href":"https:\/\/fotobudimir.com\/index.php?rest_route=%2Fwp%2Fv2%2Fmedia&parent=2"}],"curies":[{"name":"wp","href":"https:\/\/api.w.org\/{rel}","templated":true}]}}